{"id":99,"date":"2011-05-07T14:30:36","date_gmt":"2011-05-07T14:30:36","guid":{"rendered":"http:\/\/luisteixeira.org\/Myblog\/?page_id=99"},"modified":"2012-01-16T20:51:59","modified_gmt":"2012-01-16T20:51:59","slug":"referencias","status":"publish","type":"page","link":"http:\/\/luisteixeira.org\/Myblog\/referencias\/","title":{"rendered":"Refer\u00eancias"},"content":{"rendered":"<!-- Chitika - WordPress Plugin 2.2--><div class='chitika-adspace above'>\n<script type='text\/javascript'>\n  ( function() {\n    if (window.CHITIKA === undefined) {\n      window.CHITIKA = { 'units' : [] };\n    };\n    var unit = {\n      'publisher'       : 'themaskedwolf',\n      'width'           : 550,\n      'height'          : 250,\n      'sid'             : \"wordpress-plugin above\",\n      'color_site_link' : '0000CC',\n      'color_title'     : '0000CC',\n      'color_text'      : '000000',\n      'color_bg'        : 'ffffff',\n      'font_title'      : 'Arial',\n      'font_text'       : 'Arial',\n      'impsrc'          : 'wordpress',\n      'calltype'        : 'async[2]'\n    };\n    var placement_id = window.CHITIKA.units.length;\n    window.CHITIKA.units.push(unit);\n    var x = \"<di\" + \"v id='chitikaAdBlock-\"+placement_id+\"'><\/di\"+\"v>\";\n    document.write(x);\n}());\n<\/script>\n<script type=\"text\/javascript\" src=\"\/\/cdn.chitika.net\/getads.js\" async><\/script>\n<\/div>\n<p><\/p>\n<h1>Refer\u00eancias<\/h1>\n<p>Aqui pode encontrar uma pequena lista de algumas pessoas que podem atestar a forma como\u00a0 trabalho, como encaro os problemas e como encontro as melhores as solu\u00e7\u00f5es poss\u00edveis para determinados problemas ou situa\u00e7\u00f5es.<\/p>\n<h2>Rita A. Ribeiro, Ph.D<\/h2>\n<p>Coordenadora do Grupo CA3<br \/>\n<a href=\"http:\/\/ca3-uninova.org\/\">CA3 &#8211; Uninova<\/a><br \/>\nCampus da FCT\u2014UNL<br \/>\n2829-516 Caparica<br \/>\nPortugal<br \/>\n+351 21 294 96 25<br \/>\n+351 21 294 85 27\/8\/9 (ext. 13738)<br \/>\n<a href=\"mailto:rar@ca3-uninova.org\">rar[at]ca3-uninova.org<\/a><\/p>\n<h2>Gabriel Lopes, Ph.D<\/h2>\n<p>Investigador Principal<br \/>\n<a href=\"http:\/\/www.di.fct.unl.pt\/pessoas\/investigadores\/doutor-jose-gabriel-pereira-lopes&quot;\">DI-FCT-UNL<\/a><br \/>\nGab.: Gab. P3\/10<br \/>\nDepartamento de Inform\u00e1tica,<br \/>\nFaculdade de Ci\u00eancias e Tecnologia,<br \/>\nUniversidade Nova de Lisboa<br \/>\nQuinta da Torre, 2829-516 Caparica, Portugal<br \/>\nTelefone: (+351) 212948300 ext.10722<br \/>\nFax: (+351) 212948541<br \/>\n<a href=\"mailto:gpl@di.fct.unl.pt\">gpl[at]di.fct.unl.pt<\/a><\/p>\n<h2>Ant\u00f3nio Falc\u00e3o<\/h2>\n<p>Project Manager e Research Engineer<br \/>\n<a href=\"http:\/\/ca3-uninova.org\/\">CA3 &#8211; Uninova<\/a><br \/>\nEdif\u00edcio CTS\/UNINOVA, Sala 1.4<br \/>\nCampus da FCT\u2014UNL<br \/>\n2829-516 Caparica<br \/>\nPortugal<br \/>\n+351 21 294 96 25 (direct)<br \/>\n+351 21 294 85 27\/8\/9 (ext. 13746)<br \/>\n<a href=\"mailto:ajf@ca3-uninova.org\">ajf[at]ca3-uninova.org<\/a><\/p>\n\n<!-- Facebook Like Button v1.9.6 BEGIN [http:\/\/blog.bottomlessinc.com] -->\n<iframe src=\"http:\/\/www.facebook.com\/plugins\/like.php?href=http%3A%2F%2Fluisteixeira.org%2FMyblog%2Freferencias%2F&amp;layout=button_count&amp;show_faces=true&amp;width=450&amp;action=like&amp;colorscheme=light\" scrolling=\"no\" frameborder=\"0\" allowTransparency=\"true\" style=\"border:none; overflow:hidden; width:450px; height: 60px; align: left; margin: 2px 0px 2px 0px\"><\/iframe>\n<!-- Facebook Like Button END -->","protected":false},"excerpt":{"rendered":"<p>Refer\u00eancias Aqui pode encontrar uma pequena lista de algumas pessoas que podem atestar a forma como\u00a0 trabalho, como encaro os problemas e como encontro as melhores as solu\u00e7\u00f5es poss\u00edveis para determinados problemas ou situa\u00e7\u00f5es. Rita A. Ribeiro, Ph.D Coordenadora do <a class=\"more-link\" href=\"http:\/\/luisteixeira.org\/Myblog\/referencias\/\">Continue reading <span class=\"screen-reader-text\">  Refer\u00eancias<\/span><span class=\"meta-nav\">&rarr;<\/span><\/a><\/p>\n","protected":false},"author":1,"featured_media":0,"parent":0,"menu_order":10,"comment_status":"closed","ping_status":"open","template":"","meta":{"footnotes":""},"class_list":["post-99","page","type-page","status-publish","hentry"],"_links":{"self":[{"href":"http:\/\/luisteixeira.org\/Myblog\/wp-json\/wp\/v2\/pages\/99","targetHints":{"allow":["GET"]}}],"collection":[{"href":"http:\/\/luisteixeira.org\/Myblog\/wp-json\/wp\/v2\/pages"}],"about":[{"href":"http:\/\/luisteixeira.org\/Myblog\/wp-json\/wp\/v2\/types\/page"}],"author":[{"embeddable":true,"href":"http:\/\/luisteixeira.org\/Myblog\/wp-json\/wp\/v2\/users\/1"}],"replies":[{"embeddable":true,"href":"http:\/\/luisteixeira.org\/Myblog\/wp-json\/wp\/v2\/comments?post=99"}],"version-history":[{"count":13,"href":"http:\/\/luisteixeira.org\/Myblog\/wp-json\/wp\/v2\/pages\/99\/revisions"}],"predecessor-version":[{"id":321,"href":"http:\/\/luisteixeira.org\/Myblog\/wp-json\/wp\/v2\/pages\/99\/revisions\/321"}],"wp:attachment":[{"href":"http:\/\/luisteixeira.org\/Myblog\/wp-json\/wp\/v2\/media?parent=99"}],"curies":[{"name":"wp","href":"https:\/\/api.w.org\/{rel}","templated":true}]}}