{"id":943,"date":"2013-08-25T11:26:16","date_gmt":"2013-08-25T11:26:16","guid":{"rendered":"http:\/\/luisteixeira.org\/Myblog\/?page_id=943"},"modified":"2013-08-25T11:27:57","modified_gmt":"2013-08-25T11:27:57","slug":"interface-do-utilizador-do-projecto-povere-com-extjs","status":"publish","type":"page","link":"http:\/\/luisteixeira.org\/Myblog\/prototipos\/interface-do-utilizador-do-projecto-povere-com-extjs\/","title":{"rendered":"Interface do  Utilizador do Projecto Povere com EXTJS"},"content":{"rendered":"<!-- Chitika - WordPress Plugin 2.2--><div class='chitika-adspace above'>\n<script type='text\/javascript'>\n  ( function() {\n    if (window.CHITIKA === undefined) {\n      window.CHITIKA = { 'units' : [] };\n    };\n    var unit = {\n      'publisher'       : 'themaskedwolf',\n      'width'           : 550,\n      'height'          : 250,\n      'sid'             : \"wordpress-plugin above\",\n      'color_site_link' : '0000CC',\n      'color_title'     : '0000CC',\n      'color_text'      : '000000',\n      'color_bg'        : 'ffffff',\n      'font_title'      : 'Arial',\n      'font_text'       : 'Arial',\n      'impsrc'          : 'wordpress',\n      'calltype'        : 'async[2]'\n    };\n    var placement_id = window.CHITIKA.units.length;\n    window.CHITIKA.units.push(unit);\n    var x = \"<di\" + \"v id='chitikaAdBlock-\"+placement_id+\"'><\/di\"+\"v>\";\n    document.write(x);\n}());\n<\/script>\n<script type=\"text\/javascript\" src=\"\/\/cdn.chitika.net\/getads.js\" async><\/script>\n<\/div>\n<p><a href=\"http:\/\/ca3-uninova.org\/project_povere\"><img loading=\"lazy\" decoding=\"async\" src=\"http:\/\/luisteixeira.org\/Myblog\/wp-content\/uploads\/2013\/08\/project_povere.jpg\" alt=\"project_povere\" width=\"150\" height=\"150\" class=\"alignleft size-full wp-image-944\" \/><\/a><br \/>\nEste projecto visou o desenvolvimento de um prot\u00f3tipo de c\u00e1lculo do VPV numa implementa\u00e7\u00e3o web-based.  Para permitir a sua utiliza\u00e7\u00e3o pelos decisores do SPV e se poss\u00edvel pelos produtores de embalagens. Valida\u00e7\u00e3o e teste do sistema com cen\u00e1rios pr\u00e9-definidos.  Este projecto visa providenciar assim uma interface amig\u00e1vel  via web que permite inserir valores e obter simula\u00e7\u00f5es por forma a permitir a tomada de decis\u00f5es por que a utilizar. De notar que se trata de um pr\u00f3t\u00f3tipo e que toda e qualquer informa\u00e7\u00e3o deve ser requerida ao <a href=\"http:\/\/ca3-uninova.org\/\">CA3-Uninova<\/a>.<br \/>\nO Acesso directo \u00e0 p\u00e1gina do projecto pode ser feito atrav\u00e9s do <a href=\" http:\/\/ca3-uninova.org\/project_povere\">seguinte endere\u00e7o.<\/a><br \/>\n<br \/>\nEsta interface foi constru\u00edda recorrendo \u00e0 plataforma <a href=\"http:\/\/www.sencha.com\/products\/extjs\/\">Sencha ExtJS 4.2<\/a>, que se mostrou a melhor op\u00e7\u00e3o para o resultado pretendido.<\/p>\n<p><a href=\"http:\/\/ca3-uninova.org\/project_povere\"><img loading=\"lazy\" decoding=\"async\" src=\"http:\/\/luisteixeira.org\/Myblog\/wp-content\/uploads\/2013\/08\/Demo3_1-1024x552.png\" alt=\"Demo3_1\" width=\"1024\" height=\"552\" class=\"alignleft size-large wp-image-972\" srcset=\"http:\/\/luisteixeira.org\/Myblog\/wp-content\/uploads\/2013\/08\/Demo3_1-1024x552.png 1024w, http:\/\/luisteixeira.org\/Myblog\/wp-content\/uploads\/2013\/08\/Demo3_1-300x161.png 300w, http:\/\/luisteixeira.org\/Myblog\/wp-content\/uploads\/2013\/08\/Demo3_1.png 1673w\" sizes=\"auto, (max-width: 1024px) 100vw, 1024px\" \/><\/a><\/p>\n\n<!-- Facebook Like Button v1.9.6 BEGIN [http:\/\/blog.bottomlessinc.com] -->\n<iframe src=\"http:\/\/www.facebook.com\/plugins\/like.php?href=http%3A%2F%2Fluisteixeira.org%2FMyblog%2Fprototipos%2Finterface-do-utilizador-do-projecto-povere-com-extjs%2F&amp;layout=button_count&amp;show_faces=true&amp;width=450&amp;action=like&amp;colorscheme=light\" scrolling=\"no\" frameborder=\"0\" allowTransparency=\"true\" style=\"border:none; overflow:hidden; width:450px; height: 60px; align: left; margin: 2px 0px 2px 0px\"><\/iframe>\n<!-- Facebook Like Button END -->","protected":false},"excerpt":{"rendered":"<p>Este projecto visou o desenvolvimento de um prot\u00f3tipo de c\u00e1lculo do VPV numa implementa\u00e7\u00e3o web-based. Para permitir a sua utiliza\u00e7\u00e3o pelos decisores do SPV e se poss\u00edvel pelos produtores de embalagens. Valida\u00e7\u00e3o e teste do sistema com cen\u00e1rios pr\u00e9-definidos. Este <a class=\"more-link\" href=\"http:\/\/luisteixeira.org\/Myblog\/prototipos\/interface-do-utilizador-do-projecto-povere-com-extjs\/\">Continue reading <span class=\"screen-reader-text\">  Interface do  Utilizador do Projecto Povere com EXTJS<\/span><span class=\"meta-nav\">&rarr;<\/span><\/a><\/p>\n","protected":false},"author":1,"featured_media":944,"parent":210,"menu_order":0,"comment_status":"open","ping_status":"open","template":"","meta":{"footnotes":""},"class_list":["post-943","page","type-page","status-publish","has-post-thumbnail","hentry"],"_links":{"self":[{"href":"http:\/\/luisteixeira.org\/Myblog\/wp-json\/wp\/v2\/pages\/943","targetHints":{"allow":["GET"]}}],"collection":[{"href":"http:\/\/luisteixeira.org\/Myblog\/wp-json\/wp\/v2\/pages"}],"about":[{"href":"http:\/\/luisteixeira.org\/Myblog\/wp-json\/wp\/v2\/types\/page"}],"author":[{"embeddable":true,"href":"http:\/\/luisteixeira.org\/Myblog\/wp-json\/wp\/v2\/users\/1"}],"replies":[{"embeddable":true,"href":"http:\/\/luisteixeira.org\/Myblog\/wp-json\/wp\/v2\/comments?post=943"}],"version-history":[{"count":9,"href":"http:\/\/luisteixeira.org\/Myblog\/wp-json\/wp\/v2\/pages\/943\/revisions"}],"predecessor-version":[{"id":976,"href":"http:\/\/luisteixeira.org\/Myblog\/wp-json\/wp\/v2\/pages\/943\/revisions\/976"}],"up":[{"embeddable":true,"href":"http:\/\/luisteixeira.org\/Myblog\/wp-json\/wp\/v2\/pages\/210"}],"wp:featuredmedia":[{"embeddable":true,"href":"http:\/\/luisteixeira.org\/Myblog\/wp-json\/wp\/v2\/media\/944"}],"wp:attachment":[{"href":"http:\/\/luisteixeira.org\/Myblog\/wp-json\/wp\/v2\/media?parent=943"}],"curies":[{"name":"wp","href":"https:\/\/api.w.org\/{rel}","templated":true}]}}