{"id":77,"date":"2011-05-07T13:49:44","date_gmt":"2011-05-07T13:49:44","guid":{"rendered":"http:\/\/luisteixeira.org\/Myblog\/?page_id=77"},"modified":"2022-04-02T13:42:19","modified_gmt":"2022-04-02T13:42:19","slug":"contactos","status":"publish","type":"page","link":"http:\/\/luisteixeira.org\/Myblog\/contactos\/","title":{"rendered":"Contactos"},"content":{"rendered":"<!-- Chitika - WordPress Plugin 2.2--><div class='chitika-adspace above'>\n<script type='text\/javascript'>\n  ( function() {\n    if (window.CHITIKA === undefined) {\n      window.CHITIKA = { 'units' : [] };\n    };\n    var unit = {\n      'publisher'       : 'themaskedwolf',\n      'width'           : 550,\n      'height'          : 250,\n      'sid'             : \"wordpress-plugin above\",\n      'color_site_link' : '0000CC',\n      'color_title'     : '0000CC',\n      'color_text'      : '000000',\n      'color_bg'        : 'ffffff',\n      'font_title'      : 'Arial',\n      'font_text'       : 'Arial',\n      'impsrc'          : 'wordpress',\n      'calltype'        : 'async[2]'\n    };\n    var placement_id = window.CHITIKA.units.length;\n    window.CHITIKA.units.push(unit);\n    var x = \"<di\" + \"v id='chitikaAdBlock-\"+placement_id+\"'><\/di\"+\"v>\";\n    document.write(x);\n}());\n<\/script>\n<script type=\"text\/javascript\" src=\"\/\/cdn.chitika.net\/getads.js\" async><\/script>\n<\/div>\n<p><\/p>\n<h1>Contactos<\/h1>\n<p>Nesta p\u00e1gina podem encontrar uma forma r\u00e1pida de entrarem em contacto comigo, atrav\u00e9s de uma das seguintes formas:<\/p>\n<p><a href=\"http:\/\/www.facebook.com\/luis.f.s.teixeira\"><img loading=\"lazy\" decoding=\"async\" class=\"size-full wp-image-79 alignleft\" title=\"facebook\" src=\"http:\/\/luisteixeira.org\/Myblog\/wp-content\/uploads\/2011\/05\/facebook.png\" alt=\"\" width=\"64\" height=\"64\" \/><\/a> <a href=\"http:\/\/www.linkedin.com\/pub\/luis-teixeira\/21\/99b\/b97\"><img loading=\"lazy\" decoding=\"async\" class=\"size-full wp-image-80 alignleft\" title=\"linkedin\" src=\"http:\/\/luisteixeira.org\/Myblog\/wp-content\/uploads\/2011\/05\/linkedin.png\" alt=\"\" width=\"64\" height=\"64\" \/><\/a> <a href=\"mailto:lst@luisteixeira.org\"><img loading=\"lazy\" decoding=\"async\" class=\"alignleft size-full wp-image-81\" title=\"mail\" src=\"http:\/\/luisteixeira.org\/Myblog\/wp-content\/uploads\/2011\/05\/mail.png\" alt=\"\" width=\"64\" height=\"64\" \/><\/a> <a href=\"callto:luis.filipe.silva.teixeira\"><img loading=\"lazy\" decoding=\"async\" class=\"alignleft size-full wp-image-82\" title=\"skype\" src=\"http:\/\/luisteixeira.org\/Myblog\/wp-content\/uploads\/2011\/05\/skype.png\" alt=\"\" width=\"64\" height=\"64\" \/><\/a><\/p>\n<h1>Contactos<\/h1>\n<p>In this page we can find a fast way of how to contact me, using any of the following ways:<\/p>\n<p><a href=\"http:\/\/www.facebook.com\/luis.f.s.teixeira\"><img loading=\"lazy\" decoding=\"async\" class=\"size-full wp-image-79 alignleft\" title=\"facebook\" src=\"http:\/\/luisteixeira.org\/Myblog\/wp-content\/uploads\/2011\/05\/facebook.png\" alt=\"\" width=\"64\" height=\"64\" \/><\/a> <a href=\"http:\/\/www.linkedin.com\/pub\/luis-teixeira\/21\/99b\/b97\"><img loading=\"lazy\" decoding=\"async\" class=\"size-full wp-image-80 alignleft\" title=\"linkedin\" src=\"http:\/\/luisteixeira.org\/Myblog\/wp-content\/uploads\/2011\/05\/linkedin.png\" alt=\"\" width=\"64\" height=\"64\" \/><\/a> <a href=\"mailto:lst@luisteixeira.org\"><img loading=\"lazy\" decoding=\"async\" class=\"alignleft size-full wp-image-81\" title=\"mail\" src=\"http:\/\/luisteixeira.org\/Myblog\/wp-content\/uploads\/2011\/05\/mail.png\" alt=\"\" width=\"64\" height=\"64\" \/><\/a> <a href=\"callto:luis.filipe.silva.teixeira\"><img loading=\"lazy\" decoding=\"async\" class=\"alignleft size-full wp-image-82\" title=\"skype\" src=\"http:\/\/luisteixeira.org\/Myblog\/wp-content\/uploads\/2011\/05\/skype.png\" alt=\"\" width=\"64\" height=\"64\" \/><\/a><\/p>\n\n<!-- Facebook Like Button v1.9.6 BEGIN [http:\/\/blog.bottomlessinc.com] -->\n<iframe src=\"http:\/\/www.facebook.com\/plugins\/like.php?href=http%3A%2F%2Fluisteixeira.org%2FMyblog%2Fcontactos%2F&amp;layout=button_count&amp;show_faces=true&amp;width=450&amp;action=like&amp;colorscheme=light\" scrolling=\"no\" frameborder=\"0\" allowTransparency=\"true\" style=\"border:none; overflow:hidden; width:450px; height: 60px; align: left; margin: 2px 0px 2px 0px\"><\/iframe>\n<!-- Facebook Like Button END -->","protected":false},"excerpt":{"rendered":"<p>Contactos Nesta p\u00e1gina podem encontrar uma forma r\u00e1pida de entrarem em contacto comigo, atrav\u00e9s de uma das seguintes formas: Contactos In this page we can find a fast way of how to contact me, using any of the following ways:<\/p>\n","protected":false},"author":1,"featured_media":0,"parent":0,"menu_order":11,"comment_status":"closed","ping_status":"closed","template":"","meta":{"footnotes":""},"class_list":["post-77","page","type-page","status-publish","hentry"],"_links":{"self":[{"href":"http:\/\/luisteixeira.org\/Myblog\/wp-json\/wp\/v2\/pages\/77","targetHints":{"allow":["GET"]}}],"collection":[{"href":"http:\/\/luisteixeira.org\/Myblog\/wp-json\/wp\/v2\/pages"}],"about":[{"href":"http:\/\/luisteixeira.org\/Myblog\/wp-json\/wp\/v2\/types\/page"}],"author":[{"embeddable":true,"href":"http:\/\/luisteixeira.org\/Myblog\/wp-json\/wp\/v2\/users\/1"}],"replies":[{"embeddable":true,"href":"http:\/\/luisteixeira.org\/Myblog\/wp-json\/wp\/v2\/comments?post=77"}],"version-history":[{"count":24,"href":"http:\/\/luisteixeira.org\/Myblog\/wp-json\/wp\/v2\/pages\/77\/revisions"}],"predecessor-version":[{"id":1198,"href":"http:\/\/luisteixeira.org\/Myblog\/wp-json\/wp\/v2\/pages\/77\/revisions\/1198"}],"wp:attachment":[{"href":"http:\/\/luisteixeira.org\/Myblog\/wp-json\/wp\/v2\/media?parent=77"}],"curies":[{"name":"wp","href":"https:\/\/api.w.org\/{rel}","templated":true}]}}