{"id":630,"date":"2013-05-25T17:02:42","date_gmt":"2013-05-25T17:02:42","guid":{"rendered":"http:\/\/luisteixeira.org\/Myblog\/?page_id=630"},"modified":"2013-05-25T17:02:42","modified_gmt":"2013-05-25T17:02:42","slug":"aplicacoes-web-com-extjs-4-pesquisa-por-descricao-de-codigos-cpv","status":"publish","type":"page","link":"http:\/\/luisteixeira.org\/Myblog\/prototipos\/aplicacoes-web-com-extjs-4-pesquisa-por-descricao-de-codigos-cpv\/","title":{"rendered":"Aplica\u00e7\u00f5es Web com EXTJS 4 &#8211; Pesquisa por Descri\u00e7\u00e3o de C\u00f3digos CPV"},"content":{"rendered":"<!-- Chitika - WordPress Plugin 2.2--><div class='chitika-adspace above'>\n<script type='text\/javascript'>\n  ( function() {\n    if (window.CHITIKA === undefined) {\n      window.CHITIKA = { 'units' : [] };\n    };\n    var unit = {\n      'publisher'       : 'themaskedwolf',\n      'width'           : 550,\n      'height'          : 250,\n      'sid'             : \"wordpress-plugin above\",\n      'color_site_link' : '0000CC',\n      'color_title'     : '0000CC',\n      'color_text'      : '000000',\n      'color_bg'        : 'ffffff',\n      'font_title'      : 'Arial',\n      'font_text'       : 'Arial',\n      'impsrc'          : 'wordpress',\n      'calltype'        : 'async[2]'\n    };\n    var placement_id = window.CHITIKA.units.length;\n    window.CHITIKA.units.push(unit);\n    var x = \"<di\" + \"v id='chitikaAdBlock-\"+placement_id+\"'><\/di\"+\"v>\";\n    document.write(x);\n}());\n<\/script>\n<script type=\"text\/javascript\" src=\"\/\/cdn.chitika.net\/getads.js\" async><\/script>\n<\/div>\n<p><\/p>\n<h2>Pesquisa por Descri\u00e7\u00e3o de C\u00f3digos CPV<\/h2>\n<p>Este pequeno projecto serve para permite ao utilizador pesquisar qual o c\u00f3digo CPV que tem de usar, fazendo uma busca pela descri\u00e7\u00e3o.<\/p>\n<p>Este demo foi contruido usando a <a href=\"http:\/\/www.sencha.com\/products\/extjs\">framework extjs 4.2<\/a>. <\/p>\n<p>\nTem como base:<\/p>\n<blockquote><p>o uso de um gridpanel, numa estrutura MVC<\/p><\/blockquote>\n<p>Para usar este pequeno Demo, denominado como <a href=\"http:\/\/www.luisteixeira.org\/CPVSearch\">CPVSearch, siga o link deste texto.<\/a><br \/>\n<\/p>\n\n<!-- Facebook Like Button v1.9.6 BEGIN [http:\/\/blog.bottomlessinc.com] -->\n<iframe src=\"http:\/\/www.facebook.com\/plugins\/like.php?href=http%3A%2F%2Fluisteixeira.org%2FMyblog%2Fprototipos%2Faplicacoes-web-com-extjs-4-pesquisa-por-descricao-de-codigos-cpv%2F&amp;layout=button_count&amp;show_faces=true&amp;width=450&amp;action=like&amp;colorscheme=light\" scrolling=\"no\" frameborder=\"0\" allowTransparency=\"true\" style=\"border:none; overflow:hidden; width:450px; height: 60px; align: left; margin: 2px 0px 2px 0px\"><\/iframe>\n<!-- Facebook Like Button END -->","protected":false},"excerpt":{"rendered":"<p>Pesquisa por Descri\u00e7\u00e3o de C\u00f3digos CPV Este pequeno projecto serve para permite ao utilizador pesquisar qual o c\u00f3digo CPV que tem de usar, fazendo uma busca pela descri\u00e7\u00e3o. Este demo foi contruido usando a framework extjs 4.2. Tem como base: <a class=\"more-link\" href=\"http:\/\/luisteixeira.org\/Myblog\/prototipos\/aplicacoes-web-com-extjs-4-pesquisa-por-descricao-de-codigos-cpv\/\">Continue reading <span class=\"screen-reader-text\">  Aplica\u00e7\u00f5es Web com EXTJS 4 &#8211; Pesquisa por Descri\u00e7\u00e3o de C\u00f3digos CPV<\/span><span class=\"meta-nav\">&rarr;<\/span><\/a><\/p>\n","protected":false},"author":1,"featured_media":0,"parent":210,"menu_order":0,"comment_status":"open","ping_status":"open","template":"","meta":{"footnotes":""},"class_list":["post-630","page","type-page","status-publish","hentry"],"_links":{"self":[{"href":"http:\/\/luisteixeira.org\/Myblog\/wp-json\/wp\/v2\/pages\/630","targetHints":{"allow":["GET"]}}],"collection":[{"href":"http:\/\/luisteixeira.org\/Myblog\/wp-json\/wp\/v2\/pages"}],"about":[{"href":"http:\/\/luisteixeira.org\/Myblog\/wp-json\/wp\/v2\/types\/page"}],"author":[{"embeddable":true,"href":"http:\/\/luisteixeira.org\/Myblog\/wp-json\/wp\/v2\/users\/1"}],"replies":[{"embeddable":true,"href":"http:\/\/luisteixeira.org\/Myblog\/wp-json\/wp\/v2\/comments?post=630"}],"version-history":[{"count":15,"href":"http:\/\/luisteixeira.org\/Myblog\/wp-json\/wp\/v2\/pages\/630\/revisions"}],"predecessor-version":[{"id":884,"href":"http:\/\/luisteixeira.org\/Myblog\/wp-json\/wp\/v2\/pages\/630\/revisions\/884"}],"up":[{"embeddable":true,"href":"http:\/\/luisteixeira.org\/Myblog\/wp-json\/wp\/v2\/pages\/210"}],"wp:attachment":[{"href":"http:\/\/luisteixeira.org\/Myblog\/wp-json\/wp\/v2\/media?parent=630"}],"curies":[{"name":"wp","href":"https:\/\/api.w.org\/{rel}","templated":true}]}}