{"id":52,"date":"2011-05-04T14:07:30","date_gmt":"2011-05-04T14:07:30","guid":{"rendered":"http:\/\/luisteixeira.org\/Myblog\/?page_id=52"},"modified":"2015-03-05T21:31:30","modified_gmt":"2015-03-05T21:31:30","slug":"publicacoes","status":"publish","type":"page","link":"http:\/\/luisteixeira.org\/Myblog\/publicacoes\/","title":{"rendered":"Publica\u00e7\u00f5es"},"content":{"rendered":"<!-- Chitika - WordPress Plugin 2.2--><div class='chitika-adspace above'>\n<script type='text\/javascript'>\n  ( function() {\n    if (window.CHITIKA === undefined) {\n      window.CHITIKA = { 'units' : [] };\n    };\n    var unit = {\n      'publisher'       : 'themaskedwolf',\n      'width'           : 550,\n      'height'          : 250,\n      'sid'             : \"wordpress-plugin above\",\n      'color_site_link' : '0000CC',\n      'color_title'     : '0000CC',\n      'color_text'      : '000000',\n      'color_bg'        : 'ffffff',\n      'font_title'      : 'Arial',\n      'font_text'       : 'Arial',\n      'impsrc'          : 'wordpress',\n      'calltype'        : 'async[2]'\n    };\n    var placement_id = window.CHITIKA.units.length;\n    window.CHITIKA.units.push(unit);\n    var x = \"<di\" + \"v id='chitikaAdBlock-\"+placement_id+\"'><\/di\"+\"v>\";\n    document.write(x);\n}());\n<\/script>\n<script type=\"text\/javascript\" src=\"\/\/cdn.chitika.net\/getads.js\" async><\/script>\n<\/div>\n<p><\/p>\n<h1>Publica\u00e7\u00f5es<\/h1>\n<p>Nesta p\u00e1gina \u00e9 poss\u00edvel encontrar uma lista de artigos e publica\u00e7\u00f5es nas quais fui autor ou co-autor.<\/p>\n<h2>Publica\u00e7\u00f5es por cita\u00e7\u00f5es<\/h2>\n<p><strong>ISI Web of Science Database<\/strong><span id=\"badgeCont159154\" style=\"width: 26px;\"><script src=\"http:\/\/labs.researcherid.com\/mashlets?el=badgeCont159154&amp;mashlet=badge&amp;showTitle=false&amp;className=a&amp;rid=D-7333-2011&amp;size=small\"><\/script><\/span><\/p>\n<p>Aqui pode encontrar o meu perfil na rede <a href=\"http:\/\/www.researcherid.com\/rid\/D-7333-2011 \">ResearcherID<\/a>.<\/p>\n<p><strong>Microsoft Academic Research<\/strong><\/p>\n<p>J\u00e1 na rede <a href=\"http:\/\/academic.research.microsoft.com\/Author\/9501941\">Microsoft Academic<\/a> pode encontrar o meu perfil, a minha lista de publica\u00e7\u00f5es e grafos de cita\u00e7\u00f5es.<\/p>\n<p><strong>Google Scholar<\/strong><\/p>\n<p>No<a href=\"http:\/\/scholar.google.com\/citations?user=V54ZhxUAAAAJ&amp;hl=en\"> Google Schoolar<\/a> tamb\u00e9m pode encontrar o meu perfil com a minha lista de publica\u00e7\u00f5es e grafos de cita\u00e7\u00f5es.<\/p>\n<p><\/p>\n<h2>Lista de Publica\u00e7\u00f5es<\/h2>\n<ul>\n<ul>\n<li>Lu\u00eds Teixeira, Rita A. Ribeiro, Gabriel Lopes, Ant\u00f3nio Falc\u00e3o, Ricardo Raminhos, \u201cBrainMap &#8211; A Navigation Support System in a Tourism Case Study\u201d in DoCEIS\u201913 \u2013 4th Edition of the Doctoral Conference on Computing, Electrical and Industrial Systems, Costa da Caparica, Portugal, 2013, pp. 99\u2013106.<\/li>\n<\/ul>\n<\/ul>\n<ul>\n<ul>\n<li>Lu\u00eds F. S. Teixeira, Gabriel P. Lopes, Rita A. Ribeiro (2013) Language Independent Extraction of Key Terms: An Extensive Comparison of Metrics. In: Filipe J, Fred A (eds) Agents and Artificial Intelligence, vol 358. Communications in Computer and Information Science. Springer Berlin Heidelberg, pp 69-82. doi:10.1007\/978-3-642-36907-0_5<\/li>\n<\/ul>\n<\/ul>\n<ul>\n<ul>\n<li>Lu\u00eds F. S. Teixeira, Gabriel Pereira Lopes, &amp; Rita A. Ribeiro. (2012, February 6-8). An Extensive Comparison of Metrics for automatic extraction of Key Terms. Paper presented at the Proceedings of the 4th International Conference on Agents and Artificial Intelligence (ICAART 2012 ), Algarve, Portugal, pp. 55-63<\/li>\n<\/ul>\n<\/ul>\n<ul>\n<ul>\n<li>Lu\u00eds Teixeira, Gabriel Lopes, and Rita A. Ribeiro, <em>\u201cAutomatic Extraction of Document Topics\u201d<\/em> in DoCEIS&#8217;11 &#8211; 2nd Edition of the Doctoral Conference on Computing, Electrical and Industrial Systems, Costa da Caparica, Portugal, 2011, pp. 101\u2013108.<\/li>\n<p>\n<\/ul>\n<\/ul>\n<ul>\n<ul>\n<li>Ana Pires, Mafalda Mota, Rita A. Ribeiro, Gra\u00e7a Martinho, \u201c<a href=\"url:http:\/\/www.industriaeambiente.pt\/scid\/webIA\/includes\/book\/viewBook.asp?articleID=2406\">Valor ponto verde diferenciado como instrumento de incentivo \u00e0 produ\u00e7\u00e3o de embalagens mais sustent\u00e1veis<\/a>\u201d(2014 ,November 1)- Ind\u00fastria e Ambiente, pp.18-21<\/li>\n<\/ul>\n<\/ul>\n<p><\/p>\n<h2>Posters<\/h2>\n<ul>\n<ul>\n<li>Lu\u00eds F. S. Teixeira, MSc., Rita A. Ribeiro, Ph.D., Gabriel P. Lopes, Ph.D., Ant\u00f3nio Falc\u00e3o and Ricardo Raminhos (2012, September 6-7) . BrainMap &#8211; Preliminary studies for a Navigation Support System to Explore Graphs of Document Correlations. Poster presented at INFORUM 2012 &#8211; Simp\u00f3sio de Inform\u00e1tica.<\/li>\n<\/ul>\n<\/ul>\n<p><\/p>\n<p><strong>Qualquer informa\u00e7\u00e3o adicional, n\u00e3o hesite em contactar-me.<\/strong><\/p>\n<p><\/p>\n<p>lst<a title=\"Reveal this e-mail address\" href=\"http:\/\/www.google.com\/recaptcha\/mailhide\/d?k=019E04HH5yGpgFS8ByKX0WFA==&amp;c=-b_7XlVHfRUKwN8l_JOrMXuHDI-oiT_w8MUgSm4qe2g=\">&#8230;<\/a>teixeira.org<\/p>\n<p><\/p>\n\n<!-- Facebook Like Button v1.9.6 BEGIN [http:\/\/blog.bottomlessinc.com] -->\n<iframe src=\"http:\/\/www.facebook.com\/plugins\/like.php?href=http%3A%2F%2Fluisteixeira.org%2FMyblog%2Fpublicacoes%2F&amp;layout=button_count&amp;show_faces=true&amp;width=450&amp;action=like&amp;colorscheme=light\" scrolling=\"no\" frameborder=\"0\" allowTransparency=\"true\" style=\"border:none; overflow:hidden; width:450px; height: 60px; align: left; margin: 2px 0px 2px 0px\"><\/iframe>\n<!-- Facebook Like Button END -->","protected":false},"excerpt":{"rendered":"<p>Publica\u00e7\u00f5es Nesta p\u00e1gina \u00e9 poss\u00edvel encontrar uma lista de artigos e publica\u00e7\u00f5es nas quais fui autor ou co-autor. Publica\u00e7\u00f5es por cita\u00e7\u00f5es ISI Web of Science Database Aqui pode encontrar o meu perfil na rede ResearcherID. Microsoft Academic Research J\u00e1 na <a class=\"more-link\" href=\"http:\/\/luisteixeira.org\/Myblog\/publicacoes\/\">Continue reading <span class=\"screen-reader-text\">  Publica\u00e7\u00f5es<\/span><span class=\"meta-nav\">&rarr;<\/span><\/a><\/p>\n","protected":false},"author":1,"featured_media":0,"parent":0,"menu_order":5,"comment_status":"closed","ping_status":"closed","template":"","meta":{"footnotes":""},"class_list":["post-52","page","type-page","status-publish","hentry"],"_links":{"self":[{"href":"http:\/\/luisteixeira.org\/Myblog\/wp-json\/wp\/v2\/pages\/52","targetHints":{"allow":["GET"]}}],"collection":[{"href":"http:\/\/luisteixeira.org\/Myblog\/wp-json\/wp\/v2\/pages"}],"about":[{"href":"http:\/\/luisteixeira.org\/Myblog\/wp-json\/wp\/v2\/types\/page"}],"author":[{"embeddable":true,"href":"http:\/\/luisteixeira.org\/Myblog\/wp-json\/wp\/v2\/users\/1"}],"replies":[{"embeddable":true,"href":"http:\/\/luisteixeira.org\/Myblog\/wp-json\/wp\/v2\/comments?post=52"}],"version-history":[{"count":29,"href":"http:\/\/luisteixeira.org\/Myblog\/wp-json\/wp\/v2\/pages\/52\/revisions"}],"predecessor-version":[{"id":1157,"href":"http:\/\/luisteixeira.org\/Myblog\/wp-json\/wp\/v2\/pages\/52\/revisions\/1157"}],"wp:attachment":[{"href":"http:\/\/luisteixeira.org\/Myblog\/wp-json\/wp\/v2\/media?parent=52"}],"curies":[{"name":"wp","href":"https:\/\/api.w.org\/{rel}","templated":true}]}}