{"id":210,"date":"2011-11-22T00:35:32","date_gmt":"2011-11-22T00:35:32","guid":{"rendered":"http:\/\/luisteixeira.org\/Myblog\/?page_id=210"},"modified":"2013-05-06T22:49:56","modified_gmt":"2013-05-06T22:49:56","slug":"prototipos","status":"publish","type":"page","link":"http:\/\/luisteixeira.org\/Myblog\/prototipos\/","title":{"rendered":"Prot\u00f3tipos"},"content":{"rendered":"<!-- Chitika - WordPress Plugin 2.2--><div class='chitika-adspace above'>\n<script type='text\/javascript'>\n  ( function() {\n    if (window.CHITIKA === undefined) {\n      window.CHITIKA = { 'units' : [] };\n    };\n    var unit = {\n      'publisher'       : 'themaskedwolf',\n      'width'           : 550,\n      'height'          : 250,\n      'sid'             : \"wordpress-plugin above\",\n      'color_site_link' : '0000CC',\n      'color_title'     : '0000CC',\n      'color_text'      : '000000',\n      'color_bg'        : 'ffffff',\n      'font_title'      : 'Arial',\n      'font_text'       : 'Arial',\n      'impsrc'          : 'wordpress',\n      'calltype'        : 'async[2]'\n    };\n    var placement_id = window.CHITIKA.units.length;\n    window.CHITIKA.units.push(unit);\n    var x = \"<di\" + \"v id='chitikaAdBlock-\"+placement_id+\"'><\/di\"+\"v>\";\n    document.write(x);\n}());\n<\/script>\n<script type=\"text\/javascript\" src=\"\/\/cdn.chitika.net\/getads.js\" async><\/script>\n<\/div>\n<p><\/p>\n<h1>Prot\u00f3tipos<\/h1>\n<h2>TOPIXTRACT<\/h2>\n<p><a href=\"http:\/\/luisteixeira.org\/Myblog\/prototipos\/topixtract\/\">TOPIXTRACT<\/a> \u00e9 um extractor de palavras chave de documentos,  independente da lingua dos mesmos e foi desenvolvido no \u00e2mbite da minha Tese de Mestrado.<br \/>\nPara alcan\u00e7ar esta tarefa, tem em linha de conta palavras, multi-palavras ou prefixos de palavras ( com comprimento fixo a 4 ou 5 caracteres ). Depois aplica 24 medidas estatisticas para indentificar a import\u00e2ncia de determinado termo nos documentos onde ocorre.<br \/>\n<br\/ ><br \/>\nOs Resultados obtidos podem ser avaliados por avaliadores independentes, e o seu grau de concord\u00e2ncia \u00e9 medido recorrendo \u00e0 estatistica Kappa. As medidas baseadas em Tf-Idf e Chi-Square mostraram maior precis\u00e3o. Os prefixos de palavras foram utilizados para lidar com a problem\u00e1tica das l\u00ednguas altamente flexionadas. Os Prefixos foram utilizados para ajudar a promover as palavras e as multi-palavras como possiveis palavras chave dos documentos.<br\/ ><\/p>\n<p>Mais informa\u00e7\u00e3o pode ser encontrada no artigo: <a href=\"http:\/\/www.springerlink.com\/content\/x52mv156l6t19732\">Lu\u00eds Teixeira, Gabriel Lopes, and Rita A. Ribeiro, \u201cAutomatic Extraction of Document Topics,\u201d in DoCEIS&#8217;11 &#8211; 2nd Edition of the Doctoral Conference on Computing, Electrical and Industrial Systems, Costa da Caparica, Portugal, 2011, pp. 101\u2013108. <\/a><\/p>\n<hr align=\"center\" width=\"50%\" \/>\n<h2>BrainMap<\/h2>\n<p><br\/ ><br \/>\nQuantidades enormes de informa\u00e7\u00e3o presentes nas empresas podem tornar a tarefa de fazer uma pesquisa , ver um t\u00f3pico ou informa\u00e7\u00f5es espec\u00edficas uma tarefa muito dif\u00edcil.<br \/>\nPortanto, \u00e9 de suma import\u00e2ncia desenvolver ferramentas que facilitem a pesquisa de informa\u00e7\u00f5es espec\u00edficas e que permitam apoiar a explora\u00e7\u00e3o pelos utilizadores de intranets corporativas (composto de v\u00e1rias centenas de gigabytes de documentos). Embora n\u00e3o explicitamente identificados, muitos destes documentos est\u00e3o relacionados entre si (direta ou implicitamente). <\/p>\n<p>Este projecto tem como objectivo permitir a representa\u00e7\u00e3o visual desses documentos e relacion\u00e1-los entre si, mas tamb\u00e9m para explorar  essas rela\u00e7\u00f5es.<br \/>\nA representa\u00e7\u00e3o, navega\u00e7\u00e3o intuitiva e sele\u00e7\u00e3o desses conceitos \u00e9 o grande objectivo deste prototipo. Quando certas rela\u00e7\u00f5es entre estes conceitos s\u00e3o particularmente relevantes que<br \/>\npodem levar a um fluxo natural de informa\u00e7\u00e3o e consequente navega\u00e7\u00e3o entre eles. <\/p>\n<p>Na <a href=\"http:\/\/luisteixeira.org\/Myblog\/prototipos\/brainmap\/\" title=\"BrainMap\">p\u00e1gina do pror\u00f3tipo<\/a>  os estudos realizados para o desenvolvimento deste sistema<br \/>\nde apoio de explora\u00e7\u00e3o de grafos, aplicados \u00e0 correla\u00e7\u00e3o de documentos e utilizando conceitos de redes complexas pesadas juntamente com o conte\u00fado textual dos documentos em quest\u00e3o.  <\/p>\n<p>&nbsp;<\/p>\n<p style=\"text-align: center;\"><strong>Qualquer informa\u00e7\u00e3o adicional, n\u00e3o hesite em contactar-me.<\/strong><\/p>\n<p style=\"text-align: center;\">lst<a href=\"http:\/\/www.google.com\/recaptcha\/mailhide\/d?k=019E04HH5yGpgFS8ByKX0WFA==&amp;c=-b_7XlVHfRUKwN8l_JOrMXuHDI-oiT_w8MUgSm4qe2g=\" onclick=\"window.open('http:\/\/www.google.com\/recaptcha\/mailhide\/d?k\\075019E04HH5yGpgFS8ByKX0WFA\\75\\75\\46c\\75-b_7XlVHfRUKwN8l_JOrMXuHDI-oiT_w8MUgSm4qe2g\\075', '', 'toolbar=0,scrollbars=0,location=0,statusbar=0,menubar=0,resizable=0,width=500,height=300'); return false;\" title=\"Reveal this e-mail address\">&#8230;<\/a>teixeira.org<\/p>\n<p><\/p>\n\n<!-- Facebook Like Button v1.9.6 BEGIN [http:\/\/blog.bottomlessinc.com] -->\n<iframe src=\"http:\/\/www.facebook.com\/plugins\/like.php?href=http%3A%2F%2Fluisteixeira.org%2FMyblog%2Fprototipos%2F&amp;layout=button_count&amp;show_faces=true&amp;width=450&amp;action=like&amp;colorscheme=light\" scrolling=\"no\" frameborder=\"0\" allowTransparency=\"true\" style=\"border:none; overflow:hidden; width:450px; height: 60px; align: left; margin: 2px 0px 2px 0px\"><\/iframe>\n<!-- Facebook Like Button END -->","protected":false},"excerpt":{"rendered":"<p>Prot\u00f3tipos TOPIXTRACT TOPIXTRACT \u00e9 um extractor de palavras chave de documentos, independente da lingua dos mesmos e foi desenvolvido no \u00e2mbite da minha Tese de Mestrado. Para alcan\u00e7ar esta tarefa, tem em linha de conta palavras, multi-palavras ou prefixos de <a class=\"more-link\" href=\"http:\/\/luisteixeira.org\/Myblog\/prototipos\/\">Continue reading <span class=\"screen-reader-text\">  Prot\u00f3tipos<\/span><span class=\"meta-nav\">&rarr;<\/span><\/a><\/p>\n","protected":false},"author":1,"featured_media":0,"parent":0,"menu_order":6,"comment_status":"closed","ping_status":"open","template":"","meta":{"footnotes":""},"class_list":["post-210","page","type-page","status-publish","hentry"],"_links":{"self":[{"href":"http:\/\/luisteixeira.org\/Myblog\/wp-json\/wp\/v2\/pages\/210","targetHints":{"allow":["GET"]}}],"collection":[{"href":"http:\/\/luisteixeira.org\/Myblog\/wp-json\/wp\/v2\/pages"}],"about":[{"href":"http:\/\/luisteixeira.org\/Myblog\/wp-json\/wp\/v2\/types\/page"}],"author":[{"embeddable":true,"href":"http:\/\/luisteixeira.org\/Myblog\/wp-json\/wp\/v2\/users\/1"}],"replies":[{"embeddable":true,"href":"http:\/\/luisteixeira.org\/Myblog\/wp-json\/wp\/v2\/comments?post=210"}],"version-history":[{"count":15,"href":"http:\/\/luisteixeira.org\/Myblog\/wp-json\/wp\/v2\/pages\/210\/revisions"}],"predecessor-version":[{"id":215,"href":"http:\/\/luisteixeira.org\/Myblog\/wp-json\/wp\/v2\/pages\/210\/revisions\/215"}],"wp:attachment":[{"href":"http:\/\/luisteixeira.org\/Myblog\/wp-json\/wp\/v2\/media?parent=210"}],"curies":[{"name":"wp","href":"https:\/\/api.w.org\/{rel}","templated":true}]}}